{"id":105,"date":"2016-09-03T10:32:56","date_gmt":"2016-09-03T08:32:56","guid":{"rendered":"http:\/\/192.168.1.22\/etaplestri\/?page_id=105"},"modified":"2020-01-28T20:14:17","modified_gmt":"2020-01-28T19:14:17","slug":"devenir-sponsors","status":"publish","type":"page","link":"https:\/\/www.etaplestriathlon.com\/?page_id=105","title":{"rendered":"Devenir Sponsor"},"content":{"rendered":"<p style=\"text-align: left;\"><span style=\"font-family: 'arial black', sans-serif;\">Nous avons pour ambition de permettre \u00e0 tous l\u2019acc\u00e8s \u00e0 un sport complet qui permet de d\u00e9velopper l\u2019esprit d\u2019\u00e9quipe et de relever des challenges lors des comp\u00e9titions en v\u00e9hiculant les valeurs qui nous sont ch\u00e8res\u00a0<strong>: <\/strong>l\u2019amiti\u00e9, le respect, la politesse, le d\u00e9passement de soi.<\/span><\/p>\n<p style=\"text-align: left;\"><span style=\"font-family: 'arial black', sans-serif;\">Cette ambition n\u00e9cessite diff\u00e9rents moyens mais surtout financiers pour la mise en place de projet.<\/span><\/p>\n<p style=\"text-align: left;\"><span style=\"font-family: 'arial black', sans-serif;\"><strong>Vous d\u00e9fiscalisez <\/strong>jusqu&rsquo;\u00e0 60 % du montant des versements effectu\u00e9s dans la limite de\u00a05 \u2030\u00a0de votre chiffre d\u2019affaire.<\/span><\/p>\n<p style=\"text-align: left;\"><span style=\"font-family: 'arial black', sans-serif;\">Tous les dons seront les bienvenus, il n\u2019y a pas de montant minimum.<\/span><\/p>\n<p style=\"text-align: left;\"><span style=\"font-family: 'arial black', sans-serif;\" data-mce-mark=\"1\">Dossier sur simple demande.<\/span><\/p>\n<table class=\" aligncenter\" style=\"width: 897px; height: 446px;\" cellspacing=\"300\">\n<tbody class=\"aligncenter\">\n<tr style=\"height: 101px;\">\n<td style=\"width: 300px; height: 101px;\"><img data-recalc-dims=\"1\" fetchpriority=\"high\" decoding=\"async\" data-attachment-id=\"360\" data-permalink=\"https:\/\/www.etaplestriathlon.com\/?attachment_id=360\" data-orig-file=\"https:\/\/i0.wp.com\/www.etaplestriathlon.com\/wp-content\/uploads\/2016\/09\/partenaire1.jpg?fit=500%2C300&amp;ssl=1\" data-orig-size=\"500,300\" data-comments-opened=\"1\" data-image-meta=\"{&quot;aperture&quot;:&quot;0&quot;,&quot;credit&quot;:&quot;&quot;,&quot;camera&quot;:&quot;&quot;,&quot;caption&quot;:&quot;&quot;,&quot;created_timestamp&quot;:&quot;0&quot;,&quot;copyright&quot;:&quot;&quot;,&quot;focal_length&quot;:&quot;0&quot;,&quot;iso&quot;:&quot;0&quot;,&quot;shutter_speed&quot;:&quot;0&quot;,&quot;title&quot;:&quot;&quot;,&quot;orientation&quot;:&quot;1&quot;}\" data-image-title=\"partenaire1\" data-image-description=\"\" data-image-caption=\"\" data-medium-file=\"https:\/\/i0.wp.com\/www.etaplestriathlon.com\/wp-content\/uploads\/2016\/09\/partenaire1.jpg?fit=300%2C180&amp;ssl=1\" data-large-file=\"https:\/\/i0.wp.com\/www.etaplestriathlon.com\/wp-content\/uploads\/2016\/09\/partenaire1.jpg?fit=500%2C300&amp;ssl=1\" class=\"aligncenter wp-image-360 size-medium\" src=\"https:\/\/i0.wp.com\/www.etaplestriathlon.com\/wp-content\/uploads\/2016\/09\/partenaire1-300x180.jpg?resize=300%2C180\" alt=\"partenaire1\" width=\"300\" height=\"180\" srcset=\"https:\/\/i0.wp.com\/www.etaplestriathlon.com\/wp-content\/uploads\/2016\/09\/partenaire1.jpg?resize=300%2C180&amp;ssl=1 300w, https:\/\/i0.wp.com\/www.etaplestriathlon.com\/wp-content\/uploads\/2016\/09\/partenaire1.jpg?resize=210%2C126&amp;ssl=1 210w, https:\/\/i0.wp.com\/www.etaplestriathlon.com\/wp-content\/uploads\/2016\/09\/partenaire1.jpg?w=500&amp;ssl=1 500w\" sizes=\"(max-width: 300px) 100vw, 300px\" \/><\/td>\n<td style=\"width: 300px; height: 101px;\"><img data-recalc-dims=\"1\" decoding=\"async\" data-attachment-id=\"338\" data-permalink=\"https:\/\/www.etaplestriathlon.com\/?attachment_id=338\" data-orig-file=\"https:\/\/i0.wp.com\/www.etaplestriathlon.com\/wp-content\/uploads\/2016\/09\/partenaire2.jpg?fit=500%2C300&amp;ssl=1\" data-orig-size=\"500,300\" data-comments-opened=\"1\" data-image-meta=\"{&quot;aperture&quot;:&quot;0&quot;,&quot;credit&quot;:&quot;&quot;,&quot;camera&quot;:&quot;&quot;,&quot;caption&quot;:&quot;&quot;,&quot;created_timestamp&quot;:&quot;0&quot;,&quot;copyright&quot;:&quot;&quot;,&quot;focal_length&quot;:&quot;0&quot;,&quot;iso&quot;:&quot;0&quot;,&quot;shutter_speed&quot;:&quot;0&quot;,&quot;title&quot;:&quot;&quot;,&quot;orientation&quot;:&quot;1&quot;}\" data-image-title=\"partenaire2\" data-image-description=\"\" data-image-caption=\"\" data-medium-file=\"https:\/\/i0.wp.com\/www.etaplestriathlon.com\/wp-content\/uploads\/2016\/09\/partenaire2.jpg?fit=300%2C180&amp;ssl=1\" data-large-file=\"https:\/\/i0.wp.com\/www.etaplestriathlon.com\/wp-content\/uploads\/2016\/09\/partenaire2.jpg?fit=500%2C300&amp;ssl=1\" class=\"size-medium wp-image-338 aligncenter\" src=\"https:\/\/i0.wp.com\/www.etaplestriathlon.com\/wp-content\/uploads\/2016\/09\/partenaire2-300x180.jpg?resize=300%2C180\" alt=\"partenaire2\" width=\"300\" height=\"180\" srcset=\"https:\/\/i0.wp.com\/www.etaplestriathlon.com\/wp-content\/uploads\/2016\/09\/partenaire2.jpg?resize=300%2C180&amp;ssl=1 300w, https:\/\/i0.wp.com\/www.etaplestriathlon.com\/wp-content\/uploads\/2016\/09\/partenaire2.jpg?resize=210%2C126&amp;ssl=1 210w, https:\/\/i0.wp.com\/www.etaplestriathlon.com\/wp-content\/uploads\/2016\/09\/partenaire2.jpg?w=500&amp;ssl=1 500w\" sizes=\"(max-width: 300px) 100vw, 300px\" \/><\/td>\n<td style=\"width: 300px; height: 101px;\"><img data-recalc-dims=\"1\" decoding=\"async\" data-attachment-id=\"339\" data-permalink=\"https:\/\/www.etaplestriathlon.com\/?attachment_id=339\" data-orig-file=\"https:\/\/i0.wp.com\/www.etaplestriathlon.com\/wp-content\/uploads\/2016\/09\/partenaire3.jpg?fit=500%2C300&amp;ssl=1\" data-orig-size=\"500,300\" data-comments-opened=\"1\" data-image-meta=\"{&quot;aperture&quot;:&quot;0&quot;,&quot;credit&quot;:&quot;&quot;,&quot;camera&quot;:&quot;&quot;,&quot;caption&quot;:&quot;&quot;,&quot;created_timestamp&quot;:&quot;0&quot;,&quot;copyright&quot;:&quot;&quot;,&quot;focal_length&quot;:&quot;0&quot;,&quot;iso&quot;:&quot;0&quot;,&quot;shutter_speed&quot;:&quot;0&quot;,&quot;title&quot;:&quot;&quot;,&quot;orientation&quot;:&quot;1&quot;}\" data-image-title=\"partenaire3\" data-image-description=\"\" data-image-caption=\"\" data-medium-file=\"https:\/\/i0.wp.com\/www.etaplestriathlon.com\/wp-content\/uploads\/2016\/09\/partenaire3.jpg?fit=300%2C180&amp;ssl=1\" data-large-file=\"https:\/\/i0.wp.com\/www.etaplestriathlon.com\/wp-content\/uploads\/2016\/09\/partenaire3.jpg?fit=500%2C300&amp;ssl=1\" class=\"size-medium wp-image-339 aligncenter\" src=\"https:\/\/i0.wp.com\/www.etaplestriathlon.com\/wp-content\/uploads\/2016\/09\/partenaire3-300x180.jpg?resize=300%2C180\" alt=\"partenaire3\" width=\"300\" height=\"180\" srcset=\"https:\/\/i0.wp.com\/www.etaplestriathlon.com\/wp-content\/uploads\/2016\/09\/partenaire3.jpg?resize=300%2C180&amp;ssl=1 300w, https:\/\/i0.wp.com\/www.etaplestriathlon.com\/wp-content\/uploads\/2016\/09\/partenaire3.jpg?resize=210%2C126&amp;ssl=1 210w, https:\/\/i0.wp.com\/www.etaplestriathlon.com\/wp-content\/uploads\/2016\/09\/partenaire3.jpg?w=500&amp;ssl=1 500w\" sizes=\"(max-width: 300px) 100vw, 300px\" \/><\/td>\n<td style=\"width: 300px; height: 101px;\"><img data-recalc-dims=\"1\" loading=\"lazy\" decoding=\"async\" data-attachment-id=\"1551\" data-permalink=\"https:\/\/www.etaplestriathlon.com\/?attachment_id=1551\" data-orig-file=\"https:\/\/i0.wp.com\/www.etaplestriathlon.com\/wp-content\/uploads\/2016\/09\/hair_zen03.jpg?fit=800%2C600&amp;ssl=1\" data-orig-size=\"800,600\" data-comments-opened=\"0\" data-image-meta=\"{&quot;aperture&quot;:&quot;0&quot;,&quot;credit&quot;:&quot;&quot;,&quot;camera&quot;:&quot;&quot;,&quot;caption&quot;:&quot;&quot;,&quot;created_timestamp&quot;:&quot;0&quot;,&quot;copyright&quot;:&quot;&quot;,&quot;focal_length&quot;:&quot;0&quot;,&quot;iso&quot;:&quot;0&quot;,&quot;shutter_speed&quot;:&quot;0&quot;,&quot;title&quot;:&quot;&quot;,&quot;orientation&quot;:&quot;0&quot;}\" data-image-title=\"hair_zen03\" data-image-description=\"\" data-image-caption=\"\" data-medium-file=\"https:\/\/i0.wp.com\/www.etaplestriathlon.com\/wp-content\/uploads\/2016\/09\/hair_zen03.jpg?fit=300%2C225&amp;ssl=1\" data-large-file=\"https:\/\/i0.wp.com\/www.etaplestriathlon.com\/wp-content\/uploads\/2016\/09\/hair_zen03.jpg?fit=800%2C600&amp;ssl=1\" class=\"aligncenter wp-image-1551 \" src=\"https:\/\/i0.wp.com\/www.etaplestriathlon.com\/wp-content\/uploads\/2016\/09\/hair_zen03-150x150.jpg?resize=162%2C162\" alt=\"hair_zen03\" width=\"162\" height=\"162\" srcset=\"https:\/\/i0.wp.com\/www.etaplestriathlon.com\/wp-content\/uploads\/2016\/09\/hair_zen03.jpg?resize=150%2C150&amp;ssl=1 150w, https:\/\/i0.wp.com\/www.etaplestriathlon.com\/wp-content\/uploads\/2016\/09\/hair_zen03.jpg?zoom=2&amp;resize=162%2C162&amp;ssl=1 324w, https:\/\/i0.wp.com\/www.etaplestriathlon.com\/wp-content\/uploads\/2016\/09\/hair_zen03.jpg?zoom=3&amp;resize=162%2C162&amp;ssl=1 486w\" sizes=\"(max-width: 162px) 100vw, 162px\" \/><\/td>\n<\/tr>\n<tr style=\"height: 74px;\">\n<td style=\"width: 300px; height: 74px;\"><img data-recalc-dims=\"1\" loading=\"lazy\" decoding=\"async\" data-attachment-id=\"367\" data-permalink=\"https:\/\/www.etaplestriathlon.com\/?attachment_id=367\" data-orig-file=\"https:\/\/i0.wp.com\/www.etaplestriathlon.com\/wp-content\/uploads\/2016\/09\/partenaire6.jpg?fit=500%2C300&amp;ssl=1\" data-orig-size=\"500,300\" data-comments-opened=\"1\" data-image-meta=\"{&quot;aperture&quot;:&quot;0&quot;,&quot;credit&quot;:&quot;&quot;,&quot;camera&quot;:&quot;&quot;,&quot;caption&quot;:&quot;&quot;,&quot;created_timestamp&quot;:&quot;0&quot;,&quot;copyright&quot;:&quot;&quot;,&quot;focal_length&quot;:&quot;0&quot;,&quot;iso&quot;:&quot;0&quot;,&quot;shutter_speed&quot;:&quot;0&quot;,&quot;title&quot;:&quot;&quot;,&quot;orientation&quot;:&quot;1&quot;}\" data-image-title=\"partenaire6\" data-image-description=\"\" data-image-caption=\"\" data-medium-file=\"https:\/\/i0.wp.com\/www.etaplestriathlon.com\/wp-content\/uploads\/2016\/09\/partenaire6.jpg?fit=300%2C180&amp;ssl=1\" data-large-file=\"https:\/\/i0.wp.com\/www.etaplestriathlon.com\/wp-content\/uploads\/2016\/09\/partenaire6.jpg?fit=500%2C300&amp;ssl=1\" class=\"size-medium wp-image-367 aligncenter\" src=\"https:\/\/i0.wp.com\/www.etaplestriathlon.com\/wp-content\/uploads\/2016\/09\/partenaire6-300x180.jpg?resize=300%2C180\" alt=\"partenaire6\" width=\"300\" height=\"180\" srcset=\"https:\/\/i0.wp.com\/www.etaplestriathlon.com\/wp-content\/uploads\/2016\/09\/partenaire6.jpg?resize=300%2C180&amp;ssl=1 300w, https:\/\/i0.wp.com\/www.etaplestriathlon.com\/wp-content\/uploads\/2016\/09\/partenaire6.jpg?resize=210%2C126&amp;ssl=1 210w, https:\/\/i0.wp.com\/www.etaplestriathlon.com\/wp-content\/uploads\/2016\/09\/partenaire6.jpg?w=500&amp;ssl=1 500w\" sizes=\"(max-width: 300px) 100vw, 300px\" \/><\/td>\n<td style=\"width: 300px; height: 74px;\"><img data-recalc-dims=\"1\" loading=\"lazy\" decoding=\"async\" data-attachment-id=\"368\" data-permalink=\"https:\/\/www.etaplestriathlon.com\/?attachment_id=368\" data-orig-file=\"https:\/\/i0.wp.com\/www.etaplestriathlon.com\/wp-content\/uploads\/2016\/09\/partenaire7.jpg?fit=500%2C300&amp;ssl=1\" data-orig-size=\"500,300\" data-comments-opened=\"1\" data-image-meta=\"{&quot;aperture&quot;:&quot;0&quot;,&quot;credit&quot;:&quot;&quot;,&quot;camera&quot;:&quot;&quot;,&quot;caption&quot;:&quot;&quot;,&quot;created_timestamp&quot;:&quot;0&quot;,&quot;copyright&quot;:&quot;&quot;,&quot;focal_length&quot;:&quot;0&quot;,&quot;iso&quot;:&quot;0&quot;,&quot;shutter_speed&quot;:&quot;0&quot;,&quot;title&quot;:&quot;&quot;,&quot;orientation&quot;:&quot;1&quot;}\" data-image-title=\"partenaire7\" data-image-description=\"\" data-image-caption=\"\" data-medium-file=\"https:\/\/i0.wp.com\/www.etaplestriathlon.com\/wp-content\/uploads\/2016\/09\/partenaire7.jpg?fit=300%2C180&amp;ssl=1\" data-large-file=\"https:\/\/i0.wp.com\/www.etaplestriathlon.com\/wp-content\/uploads\/2016\/09\/partenaire7.jpg?fit=500%2C300&amp;ssl=1\" class=\"size-medium wp-image-368 aligncenter\" src=\"https:\/\/i0.wp.com\/www.etaplestriathlon.com\/wp-content\/uploads\/2016\/09\/partenaire7-300x180.jpg?resize=300%2C180\" alt=\"partenaire7\" width=\"300\" height=\"180\" srcset=\"https:\/\/i0.wp.com\/www.etaplestriathlon.com\/wp-content\/uploads\/2016\/09\/partenaire7.jpg?resize=300%2C180&amp;ssl=1 300w, https:\/\/i0.wp.com\/www.etaplestriathlon.com\/wp-content\/uploads\/2016\/09\/partenaire7.jpg?resize=210%2C126&amp;ssl=1 210w, https:\/\/i0.wp.com\/www.etaplestriathlon.com\/wp-content\/uploads\/2016\/09\/partenaire7.jpg?w=500&amp;ssl=1 500w\" sizes=\"(max-width: 300px) 100vw, 300px\" \/><\/td>\n<td style=\"width: 300px; height: 74px;\"><img data-recalc-dims=\"1\" loading=\"lazy\" decoding=\"async\" data-attachment-id=\"1552\" data-permalink=\"https:\/\/www.etaplestriathlon.com\/?attachment_id=1552\" data-orig-file=\"https:\/\/i0.wp.com\/www.etaplestriathlon.com\/wp-content\/uploads\/2016\/09\/13221455_1019187548174456_6449831043999885104_n.jpg?fit=720%2C960&amp;ssl=1\" data-orig-size=\"720,960\" data-comments-opened=\"0\" data-image-meta=\"{&quot;aperture&quot;:&quot;0&quot;,&quot;credit&quot;:&quot;&quot;,&quot;camera&quot;:&quot;&quot;,&quot;caption&quot;:&quot;&quot;,&quot;created_timestamp&quot;:&quot;0&quot;,&quot;copyright&quot;:&quot;&quot;,&quot;focal_length&quot;:&quot;0&quot;,&quot;iso&quot;:&quot;0&quot;,&quot;shutter_speed&quot;:&quot;0&quot;,&quot;title&quot;:&quot;&quot;,&quot;orientation&quot;:&quot;0&quot;}\" data-image-title=\"13221455_1019187548174456_6449831043999885104_n\" data-image-description=\"\" data-image-caption=\"\" data-medium-file=\"https:\/\/i0.wp.com\/www.etaplestriathlon.com\/wp-content\/uploads\/2016\/09\/13221455_1019187548174456_6449831043999885104_n.jpg?fit=225%2C300&amp;ssl=1\" data-large-file=\"https:\/\/i0.wp.com\/www.etaplestriathlon.com\/wp-content\/uploads\/2016\/09\/13221455_1019187548174456_6449831043999885104_n.jpg?fit=720%2C960&amp;ssl=1\" class=\"aligncenter wp-image-1552\" src=\"https:\/\/i0.wp.com\/www.etaplestriathlon.com\/wp-content\/uploads\/2016\/09\/13221455_1019187548174456_6449831043999885104_n-150x150.jpg?resize=171%2C171\" alt=\"13221455_1019187548174456_6449831043999885104_n\" width=\"171\" height=\"171\" srcset=\"https:\/\/i0.wp.com\/www.etaplestriathlon.com\/wp-content\/uploads\/2016\/09\/13221455_1019187548174456_6449831043999885104_n.jpg?resize=150%2C150&amp;ssl=1 150w, https:\/\/i0.wp.com\/www.etaplestriathlon.com\/wp-content\/uploads\/2016\/09\/13221455_1019187548174456_6449831043999885104_n.jpg?zoom=2&amp;resize=171%2C171&amp;ssl=1 342w, https:\/\/i0.wp.com\/www.etaplestriathlon.com\/wp-content\/uploads\/2016\/09\/13221455_1019187548174456_6449831043999885104_n.jpg?zoom=3&amp;resize=171%2C171&amp;ssl=1 513w\" sizes=\"(max-width: 171px) 100vw, 171px\" \/><\/td>\n<td style=\"width: 300px; height: 74px;\"><img data-recalc-dims=\"1\" loading=\"lazy\" decoding=\"async\" data-attachment-id=\"341\" data-permalink=\"https:\/\/www.etaplestriathlon.com\/?attachment_id=341\" data-orig-file=\"https:\/\/i0.wp.com\/www.etaplestriathlon.com\/wp-content\/uploads\/2016\/09\/partenaire5.jpg?fit=500%2C300&amp;ssl=1\" data-orig-size=\"500,300\" data-comments-opened=\"1\" data-image-meta=\"{&quot;aperture&quot;:&quot;0&quot;,&quot;credit&quot;:&quot;&quot;,&quot;camera&quot;:&quot;&quot;,&quot;caption&quot;:&quot;&quot;,&quot;created_timestamp&quot;:&quot;0&quot;,&quot;copyright&quot;:&quot;&quot;,&quot;focal_length&quot;:&quot;0&quot;,&quot;iso&quot;:&quot;0&quot;,&quot;shutter_speed&quot;:&quot;0&quot;,&quot;title&quot;:&quot;&quot;,&quot;orientation&quot;:&quot;1&quot;}\" data-image-title=\"partenaire5\" data-image-description=\"\" data-image-caption=\"\" data-medium-file=\"https:\/\/i0.wp.com\/www.etaplestriathlon.com\/wp-content\/uploads\/2016\/09\/partenaire5.jpg?fit=300%2C180&amp;ssl=1\" data-large-file=\"https:\/\/i0.wp.com\/www.etaplestriathlon.com\/wp-content\/uploads\/2016\/09\/partenaire5.jpg?fit=500%2C300&amp;ssl=1\" class=\"size-medium wp-image-341 aligncenter\" src=\"https:\/\/i0.wp.com\/www.etaplestriathlon.com\/wp-content\/uploads\/2016\/09\/partenaire5-300x180.jpg?resize=300%2C180\" alt=\"partenaire5\" width=\"300\" height=\"180\" srcset=\"https:\/\/i0.wp.com\/www.etaplestriathlon.com\/wp-content\/uploads\/2016\/09\/partenaire5.jpg?resize=300%2C180&amp;ssl=1 300w, https:\/\/i0.wp.com\/www.etaplestriathlon.com\/wp-content\/uploads\/2016\/09\/partenaire5.jpg?resize=210%2C126&amp;ssl=1 210w, https:\/\/i0.wp.com\/www.etaplestriathlon.com\/wp-content\/uploads\/2016\/09\/partenaire5.jpg?w=500&amp;ssl=1 500w\" sizes=\"(max-width: 300px) 100vw, 300px\" \/><\/td>\n<\/tr>\n<tr style=\"height: 127px;\">\n<td style=\"width: 300px; height: 127px;\"><img data-recalc-dims=\"1\" loading=\"lazy\" decoding=\"async\" data-attachment-id=\"616\" data-permalink=\"https:\/\/www.etaplestriathlon.com\/?attachment_id=616\" data-orig-file=\"https:\/\/i0.wp.com\/www.etaplestriathlon.com\/wp-content\/uploads\/2016\/09\/partenaire9.jpg?fit=500%2C300&amp;ssl=1\" data-orig-size=\"500,300\" data-comments-opened=\"1\" data-image-meta=\"{&quot;aperture&quot;:&quot;0&quot;,&quot;credit&quot;:&quot;&quot;,&quot;camera&quot;:&quot;&quot;,&quot;caption&quot;:&quot;&quot;,&quot;created_timestamp&quot;:&quot;0&quot;,&quot;copyright&quot;:&quot;&quot;,&quot;focal_length&quot;:&quot;0&quot;,&quot;iso&quot;:&quot;0&quot;,&quot;shutter_speed&quot;:&quot;0&quot;,&quot;title&quot;:&quot;&quot;,&quot;orientation&quot;:&quot;1&quot;}\" data-image-title=\"partenaire9\" data-image-description=\"\" data-image-caption=\"\" data-medium-file=\"https:\/\/i0.wp.com\/www.etaplestriathlon.com\/wp-content\/uploads\/2016\/09\/partenaire9.jpg?fit=300%2C180&amp;ssl=1\" data-large-file=\"https:\/\/i0.wp.com\/www.etaplestriathlon.com\/wp-content\/uploads\/2016\/09\/partenaire9.jpg?fit=500%2C300&amp;ssl=1\" class=\"size-medium wp-image-616 aligncenter\" src=\"https:\/\/i0.wp.com\/www.etaplestriathlon.com\/wp-content\/uploads\/2016\/09\/partenaire9-300x180.jpg?resize=300%2C180\" alt=\"partenaire9\" width=\"300\" height=\"180\" srcset=\"https:\/\/i0.wp.com\/www.etaplestriathlon.com\/wp-content\/uploads\/2016\/09\/partenaire9.jpg?resize=300%2C180&amp;ssl=1 300w, https:\/\/i0.wp.com\/www.etaplestriathlon.com\/wp-content\/uploads\/2016\/09\/partenaire9.jpg?resize=210%2C126&amp;ssl=1 210w, https:\/\/i0.wp.com\/www.etaplestriathlon.com\/wp-content\/uploads\/2016\/09\/partenaire9.jpg?w=500&amp;ssl=1 500w\" sizes=\"(max-width: 300px) 100vw, 300px\" \/><\/td>\n<td style=\"width: 300px; height: 127px;\">\u00a0<img data-recalc-dims=\"1\" loading=\"lazy\" decoding=\"async\" data-attachment-id=\"1439\" data-permalink=\"https:\/\/www.etaplestriathlon.com\/?attachment_id=1439\" data-orig-file=\"https:\/\/i0.wp.com\/www.etaplestriathlon.com\/wp-content\/uploads\/2016\/09\/logo-carrefour.jpg?fit=225%2C225&amp;ssl=1\" data-orig-size=\"225,225\" data-comments-opened=\"0\" data-image-meta=\"{&quot;aperture&quot;:&quot;0&quot;,&quot;credit&quot;:&quot;&quot;,&quot;camera&quot;:&quot;&quot;,&quot;caption&quot;:&quot;&quot;,&quot;created_timestamp&quot;:&quot;0&quot;,&quot;copyright&quot;:&quot;&quot;,&quot;focal_length&quot;:&quot;0&quot;,&quot;iso&quot;:&quot;0&quot;,&quot;shutter_speed&quot;:&quot;0&quot;,&quot;title&quot;:&quot;&quot;,&quot;orientation&quot;:&quot;0&quot;}\" data-image-title=\"logo carrefour\" data-image-description=\"\" data-image-caption=\"\" data-medium-file=\"https:\/\/i0.wp.com\/www.etaplestriathlon.com\/wp-content\/uploads\/2016\/09\/logo-carrefour.jpg?fit=225%2C225&amp;ssl=1\" data-large-file=\"https:\/\/i0.wp.com\/www.etaplestriathlon.com\/wp-content\/uploads\/2016\/09\/logo-carrefour.jpg?fit=225%2C225&amp;ssl=1\" class=\"aligncenter wp-image-1439 \" src=\"https:\/\/i0.wp.com\/www.etaplestriathlon.com\/wp-content\/uploads\/2016\/09\/logo-carrefour-150x150.jpg?resize=171%2C171\" alt=\"logo carrefour\" width=\"171\" height=\"171\" srcset=\"https:\/\/i0.wp.com\/www.etaplestriathlon.com\/wp-content\/uploads\/2016\/09\/logo-carrefour.jpg?resize=150%2C150&amp;ssl=1 150w, https:\/\/i0.wp.com\/www.etaplestriathlon.com\/wp-content\/uploads\/2016\/09\/logo-carrefour.jpg?resize=210%2C210&amp;ssl=1 210w, https:\/\/i0.wp.com\/www.etaplestriathlon.com\/wp-content\/uploads\/2016\/09\/logo-carrefour.jpg?w=225&amp;ssl=1 225w\" sizes=\"(max-width: 171px) 100vw, 171px\" \/><\/td>\n<td style=\"width: 300px; height: 127px;\"><\/td>\n<td style=\"width: 300px; height: 127px;\"><\/td>\n<\/tr>\n<\/tbody>\n<\/table>\n","protected":false},"excerpt":{"rendered":"<p>Nous avons pour ambition de permettre \u00e0 tous l\u2019acc\u00e8s \u00e0 un sport complet qui permet de d\u00e9velopper l\u2019esprit d\u2019\u00e9quipe et de relever des challenges lors des comp\u00e9titions en v\u00e9hiculant les valeurs qui nous sont ch\u00e8res\u00a0: l\u2019amiti\u00e9, le respect, la politesse, le d\u00e9passement de soi. Cette ambition n\u00e9cessite diff\u00e9rents moyens mais surtout financiers pour la mise [&hellip;]<\/p>\n","protected":false},"author":1,"featured_media":0,"parent":46,"menu_order":0,"comment_status":"closed","ping_status":"closed","template":"","meta":{"jetpack_post_was_ever_published":false,"footnotes":""},"class_list":["post-105","page","type-page","status-publish","hentry"],"jetpack_sharing_enabled":true,"jetpack_shortlink":"https:\/\/wp.me\/PaJ7x8-1H","jetpack-related-posts":[],"_links":{"self":[{"href":"https:\/\/www.etaplestriathlon.com\/index.php?rest_route=\/wp\/v2\/pages\/105"}],"collection":[{"href":"https:\/\/www.etaplestriathlon.com\/index.php?rest_route=\/wp\/v2\/pages"}],"about":[{"href":"https:\/\/www.etaplestriathlon.com\/index.php?rest_route=\/wp\/v2\/types\/page"}],"author":[{"embeddable":true,"href":"https:\/\/www.etaplestriathlon.com\/index.php?rest_route=\/wp\/v2\/users\/1"}],"replies":[{"embeddable":true,"href":"https:\/\/www.etaplestriathlon.com\/index.php?rest_route=%2Fwp%2Fv2%2Fcomments&post=105"}],"version-history":[{"count":48,"href":"https:\/\/www.etaplestriathlon.com\/index.php?rest_route=\/wp\/v2\/pages\/105\/revisions"}],"predecessor-version":[{"id":1937,"href":"https:\/\/www.etaplestriathlon.com\/index.php?rest_route=\/wp\/v2\/pages\/105\/revisions\/1937"}],"up":[{"embeddable":true,"href":"https:\/\/www.etaplestriathlon.com\/index.php?rest_route=\/wp\/v2\/pages\/46"}],"wp:attachment":[{"href":"https:\/\/www.etaplestriathlon.com\/index.php?rest_route=%2Fwp%2Fv2%2Fmedia&parent=105"}],"curies":[{"name":"wp","href":"https:\/\/api.w.org\/{rel}","templated":true}]}}