{"id":224,"date":"2016-09-07T07:17:19","date_gmt":"2016-09-07T05:17:19","guid":{"rendered":"http:\/\/www.etaplestriathlon.com\/?page_id=224"},"modified":"2024-10-26T10:35:37","modified_gmt":"2024-10-26T08:35:37","slug":"stages-de-preparation","status":"publish","type":"page","link":"https:\/\/www.etaplestriathlon.com\/?page_id=224","title":{"rendered":"Stages de pr\u00e9paration"},"content":{"rendered":"<header class=\"entry-header\">\n<h1 class=\"entry-title\">Stage de Pr\u00e9paration de l\u2019AS Etaples Triathlon<\/h1>\n<\/header>\n<div class=\"entry-content\">\n<p>Le\u00a0stage de l\u2019AS Etaples triathlon qui est bas\u00e9 sur nos valeurs de partage, d\u2019\u00e9change mais aussi de qualit\u00e9 de pr\u00e9paration sportive \u00a0est\u00a0accessible \u00e0 tous les niveaux.<\/p>\n<p>Nous avons voulu garder un esprit familial qui est propre aux stages et pour cette raison, nous sommes tous log\u00e9 dans le m\u00eame centre.<\/p>\n<p><img data-recalc-dims=\"1\" fetchpriority=\"high\" decoding=\"async\" data-attachment-id=\"1239\" data-permalink=\"https:\/\/www.etaplestriathlon.com\/?attachment_id=1239\" data-orig-file=\"https:\/\/i0.wp.com\/www.etaplestriathlon.com\/wp-content\/uploads\/2016\/09\/67.jpg?fit=3543%2C2362&amp;ssl=1\" data-orig-size=\"3543,2362\" data-comments-opened=\"0\" data-image-meta=\"{&quot;aperture&quot;:&quot;0&quot;,&quot;credit&quot;:&quot;&quot;,&quot;camera&quot;:&quot;SP-1500&quot;,&quot;caption&quot;:&quot;&quot;,&quot;created_timestamp&quot;:&quot;1132830095&quot;,&quot;copyright&quot;:&quot;&quot;,&quot;focal_length&quot;:&quot;0&quot;,&quot;iso&quot;:&quot;0&quot;,&quot;shutter_speed&quot;:&quot;0&quot;,&quot;title&quot;:&quot;&quot;,&quot;orientation&quot;:&quot;1&quot;}\" data-image-title=\"67\" data-image-description=\"\" data-image-caption=\"\" data-medium-file=\"https:\/\/i0.wp.com\/www.etaplestriathlon.com\/wp-content\/uploads\/2016\/09\/67.jpg?fit=300%2C200&amp;ssl=1\" data-large-file=\"https:\/\/i0.wp.com\/www.etaplestriathlon.com\/wp-content\/uploads\/2016\/09\/67.jpg?fit=980%2C654&amp;ssl=1\" class=\" wp-image-1239 alignleft\" src=\"https:\/\/i0.wp.com\/www.etaplestriathlon.com\/wp-content\/uploads\/2016\/09\/67-300x200.jpg?resize=370%2C247\" sizes=\"(max-width: 370px) 100vw, 370px\" srcset=\"https:\/\/www.etaplestriathlon.com\/wp-content\/uploads\/2016\/09\/67-300x200.jpg 300w, https:\/\/www.etaplestriathlon.com\/wp-content\/uploads\/2016\/09\/67-768x512.jpg 768w, https:\/\/www.etaplestriathlon.com\/wp-content\/uploads\/2016\/09\/67-1024x683.jpg 1024w, https:\/\/www.etaplestriathlon.com\/wp-content\/uploads\/2016\/09\/67-210x140.jpg 210w, https:\/\/www.etaplestriathlon.com\/wp-content\/uploads\/2016\/09\/67-1536x1024.jpg 1536w\" alt=\"67\" width=\"370\" height=\"247\" \/>Le camp d\u2019entrainement se situe \u00e0 Excenevex, \u00e0 30 Km de Gen\u00e8ve, 13 Km de Th\u00f4non-les bains et 23 Km de Evian. Le village d\u2019Excenevex est situ\u00e9 au creux de la baie de Coudr\u00e9e sur la rive sud du lac L\u00e9man, \u00e0 395 m d\u2019altitude. Sa plage naturelle en pente douce, unique plage de sable fin du L\u00e9man, est id\u00e9ale pour la baignade et la pratique de tous les sports nautiques. C\u2019est seulement depuis 2015\u00a0qu\u2019Excenevex accueille les valeureux triathl\u00e8tes de l\u2019AS Etaples triathlon.<\/p>\n<p><img data-recalc-dims=\"1\" decoding=\"async\" data-attachment-id=\"1240\" data-permalink=\"https:\/\/www.etaplestriathlon.com\/?attachment_id=1240\" data-orig-file=\"https:\/\/i0.wp.com\/www.etaplestriathlon.com\/wp-content\/uploads\/2016\/09\/Plage-dexcenevex-5.jpg?fit=1600%2C1071&amp;ssl=1\" data-orig-size=\"1600,1071\" data-comments-opened=\"0\" data-image-meta=\"{&quot;aperture&quot;:&quot;9&quot;,&quot;credit&quot;:&quot;&quot;,&quot;camera&quot;:&quot;NIKON D60&quot;,&quot;caption&quot;:&quot;&quot;,&quot;created_timestamp&quot;:&quot;1377109449&quot;,&quot;copyright&quot;:&quot;&quot;,&quot;focal_length&quot;:&quot;18&quot;,&quot;iso&quot;:&quot;100&quot;,&quot;shutter_speed&quot;:&quot;0.003125&quot;,&quot;title&quot;:&quot;&quot;,&quot;orientation&quot;:&quot;1&quot;}\" data-image-title=\"Plage-dexcenevex-5\" data-image-description=\"\" data-image-caption=\"\" data-medium-file=\"https:\/\/i0.wp.com\/www.etaplestriathlon.com\/wp-content\/uploads\/2016\/09\/Plage-dexcenevex-5.jpg?fit=300%2C201&amp;ssl=1\" data-large-file=\"https:\/\/i0.wp.com\/www.etaplestriathlon.com\/wp-content\/uploads\/2016\/09\/Plage-dexcenevex-5.jpg?fit=980%2C656&amp;ssl=1\" class=\"size-medium wp-image-1240 alignright\" src=\"https:\/\/i0.wp.com\/www.etaplestriathlon.com\/wp-content\/uploads\/2016\/09\/Plage-dexcenevex-5-300x201.jpg?resize=300%2C201\" sizes=\"(max-width: 300px) 100vw, 300px\" srcset=\"https:\/\/www.etaplestriathlon.com\/wp-content\/uploads\/2016\/09\/Plage-dexcenevex-5-300x201.jpg 300w, https:\/\/www.etaplestriathlon.com\/wp-content\/uploads\/2016\/09\/Plage-dexcenevex-5-768x514.jpg 768w, https:\/\/www.etaplestriathlon.com\/wp-content\/uploads\/2016\/09\/Plage-dexcenevex-5-1024x685.jpg 1024w, https:\/\/www.etaplestriathlon.com\/wp-content\/uploads\/2016\/09\/Plage-dexcenevex-5-210x141.jpg 210w, https:\/\/www.etaplestriathlon.com\/wp-content\/uploads\/2016\/09\/Plage-dexcenevex-5-1536x1028.jpg 1536w, https:\/\/www.etaplestriathlon.com\/wp-content\/uploads\/2016\/09\/Plage-dexcenevex-5.jpg 1600w\" alt=\"Plage-dexcenevex-5\" width=\"300\" height=\"201\" \/>La plage \u00a0est aussi un lieu privil\u00e9gi\u00e9 de repos et de d\u00e9tente jouissant d\u2019une vue imprenable sur le massif des Pr\u00e9alpes et sur la c\u00f4te Suisse.<\/p>\n<p>On peut\u00a0 y appr\u00e9cier l\u2019authenticit\u00e9 des bords du lac avec ses petits ports de p\u00eache (port du Moulin et port des P\u00eacheurs), emprunter le chemin lacustre qui nous m\u00e8ne du d\u00e9barcad\u00e8re jusqu\u2019\u00e0 la plage en longeant une falaise de molasse.<\/p>\n<p><u>L\u2019h\u00e9bergement\u00a0:<\/u><\/p>\n<p>Le centre de vacances \u00a0accueillera les triathl\u00e8tes d\u00e9sireux de participer au stage. Il est compos\u00e9 d\u2019un b\u00e2timent h\u00f4tellerie style chalet, d\u2019une voilerie et d\u2019un b\u00e2timent dortoir. Il donne acc\u00e8s sur la plage situ\u00e9 \u00e0 15 m.<\/p>\n<p>Il y a aussi un terrain de basket, de tennis, de football et de badminton.<\/p>\n<p>On peut aussi se ressourcer soit au sauna soit dans le Jacumousse\u00a0!<\/p>\n<p><u>Le stage\u00a0:<\/u><\/p>\n<p>Le stage est orient\u00e9 vers la pr\u00e9paration des athl\u00e8tes longue distance (half ironman et ironman) et les athl\u00e8tes souhaitant pr\u00e9parer une \u00e9tape de montagne (Alpes Huez, Embrun\u2026). Le volume sera tr\u00e8s important et il y aura des s\u00e9ances de qualit\u00e9 \u00e0 allure sp\u00e9cifique triathlon. L\u2019entrainement sera compl\u00e9t\u00e9s par de la PPG, du yoga, des \u00e9tirements, etc.<\/p>\n<p><u>Infrastructures :<\/u><\/p>\n<p>\u2023 Piscine d\u2019eau libre\u00a0: Lac L\u00e9man en fonction de la temp\u00e9rature de l\u2019eau ou le Lac d\u2019Annecy.<\/p>\n<p>\u2023 Course \u00e0 pied: bord du lac, domaine de Rovor\u00e9e, domaine de Coudr\u00e9, Yvoire<\/p>\n<p>\u2023 V\u00e9lo: Col de Saxel, Col de Terramont, Col de cou, Col de Feu, col des Mo\u00efses et bien d&rsquo;autres<\/p>\n<p>\u2023 Soir\u00e9es orient\u00e9es vers des th\u00e9matiques de diff\u00e9rents domaines<\/p>\n<p>(Nutrition, r\u00e9cup\u00e9ration, \u00e9tirements, hydratation,\u2026)<\/p>\n<p>\u2023 PPG\/Etirement : sur la plage de sable fin<\/p>\n<\/div>\n<p><u>D\u00e9roulement du stage\u00a0:<\/u><\/p>\n<div class=\"entry-content\">\n<p><a href=\"http:\/\/www.etaplestriathlon.com\/wp-content\/uploads\/2018\/01\/prog-stage.xlsx\">prog stage<\/a>\u00a0 \u00a0(cliquez\u00a0dessus)<\/p>\n<p>Une sortie v\u00e9lo empruntera l&rsquo;\u00e9tape du tour 2018 Annecy ==&gt; le Grand Bornand<\/p>\n<p>\u00a0\u00bb\u00a0La mont\u00e9e au col de la Croix Fry pr\u00e9c\u00e9d\u00e9ra un nouveau test d\u2019agilit\u00e9 pour se hisser sur le plateau des Gli\u00e8res avec, apr\u00e8s le passage au sommet, pr\u00e8s de 2 km de voie carrossable&#8230; mais non bitum\u00e9e ! Il restera ensuite \u00e0 affronter le redoutable encha\u00eenement col de Romme &#8211; la Colombi\u00e8re \u00a0\u00bb<br \/>\n<img data-recalc-dims=\"1\" decoding=\"async\" data-attachment-id=\"1622\" data-permalink=\"https:\/\/www.etaplestriathlon.com\/?attachment_id=1622\" data-orig-file=\"https:\/\/i0.wp.com\/www.etaplestriathlon.com\/wp-content\/uploads\/2018\/01\/Capture-1.jpg?fit=766%2C512&amp;ssl=1\" data-orig-size=\"766,512\" data-comments-opened=\"0\" data-image-meta=\"{&quot;aperture&quot;:&quot;0&quot;,&quot;credit&quot;:&quot;Claire&quot;,&quot;camera&quot;:&quot;&quot;,&quot;caption&quot;:&quot;&quot;,&quot;created_timestamp&quot;:&quot;1516722435&quot;,&quot;copyright&quot;:&quot;&quot;,&quot;focal_length&quot;:&quot;0&quot;,&quot;iso&quot;:&quot;0&quot;,&quot;shutter_speed&quot;:&quot;0&quot;,&quot;title&quot;:&quot;&quot;,&quot;orientation&quot;:&quot;0&quot;}\" data-image-title=\"Capture\" data-image-description=\"\" data-image-caption=\"\" data-medium-file=\"https:\/\/i0.wp.com\/www.etaplestriathlon.com\/wp-content\/uploads\/2018\/01\/Capture-1.jpg?fit=300%2C201&amp;ssl=1\" data-large-file=\"https:\/\/i0.wp.com\/www.etaplestriathlon.com\/wp-content\/uploads\/2018\/01\/Capture-1.jpg?fit=766%2C512&amp;ssl=1\" class=\"aligncenter size-full wp-image-1622\" src=\"https:\/\/i0.wp.com\/www.etaplestriathlon.com\/wp-content\/uploads\/2018\/01\/Capture-1.jpg?resize=766%2C512\" alt=\"Capture\" width=\"766\" height=\"512\" srcset=\"https:\/\/i0.wp.com\/www.etaplestriathlon.com\/wp-content\/uploads\/2018\/01\/Capture-1.jpg?w=766&amp;ssl=1 766w, https:\/\/i0.wp.com\/www.etaplestriathlon.com\/wp-content\/uploads\/2018\/01\/Capture-1.jpg?resize=300%2C201&amp;ssl=1 300w, https:\/\/i0.wp.com\/www.etaplestriathlon.com\/wp-content\/uploads\/2018\/01\/Capture-1.jpg?resize=210%2C140&amp;ssl=1 210w\" sizes=\"(max-width: 766px) 100vw, 766px\" \/><br \/>\nAvis aux amateurs et \u00e0 bient\u00f4t pour de nouvelles aventures !<\/p>\n<\/div>\n","protected":false},"excerpt":{"rendered":"<p>Stage de Pr\u00e9paration de l\u2019AS Etaples Triathlon Le\u00a0stage de l\u2019AS Etaples triathlon qui est bas\u00e9 sur nos valeurs de partage, d\u2019\u00e9change mais aussi de qualit\u00e9 de pr\u00e9paration sportive \u00a0est\u00a0accessible \u00e0 tous les niveaux. Nous avons voulu garder un esprit familial qui est propre aux stages et pour cette raison, nous sommes tous log\u00e9 dans le [&hellip;]<\/p>\n","protected":false},"author":1,"featured_media":0,"parent":46,"menu_order":0,"comment_status":"closed","ping_status":"closed","template":"","meta":{"jetpack_post_was_ever_published":false,"footnotes":""},"class_list":["post-224","page","type-page","status-publish","hentry"],"jetpack_sharing_enabled":true,"jetpack_shortlink":"https:\/\/wp.me\/PaJ7x8-3C","jetpack-related-posts":[],"_links":{"self":[{"href":"https:\/\/www.etaplestriathlon.com\/index.php?rest_route=\/wp\/v2\/pages\/224"}],"collection":[{"href":"https:\/\/www.etaplestriathlon.com\/index.php?rest_route=\/wp\/v2\/pages"}],"about":[{"href":"https:\/\/www.etaplestriathlon.com\/index.php?rest_route=\/wp\/v2\/types\/page"}],"author":[{"embeddable":true,"href":"https:\/\/www.etaplestriathlon.com\/index.php?rest_route=\/wp\/v2\/users\/1"}],"replies":[{"embeddable":true,"href":"https:\/\/www.etaplestriathlon.com\/index.php?rest_route=%2Fwp%2Fv2%2Fcomments&post=224"}],"version-history":[{"count":22,"href":"https:\/\/www.etaplestriathlon.com\/index.php?rest_route=\/wp\/v2\/pages\/224\/revisions"}],"predecessor-version":[{"id":1933,"href":"https:\/\/www.etaplestriathlon.com\/index.php?rest_route=\/wp\/v2\/pages\/224\/revisions\/1933"}],"up":[{"embeddable":true,"href":"https:\/\/www.etaplestriathlon.com\/index.php?rest_route=\/wp\/v2\/pages\/46"}],"wp:attachment":[{"href":"https:\/\/www.etaplestriathlon.com\/index.php?rest_route=%2Fwp%2Fv2%2Fmedia&parent=224"}],"curies":[{"name":"wp","href":"https:\/\/api.w.org\/{rel}","templated":true}]}}