{"id":2265,"date":"2024-09-03T19:38:33","date_gmt":"2024-09-03T17:38:33","guid":{"rendered":"https:\/\/www.etaplestriathlon.com\/?page_id=2265"},"modified":"2024-09-03T19:45:13","modified_gmt":"2024-09-03T17:45:13","slug":"resultats-et-photos","status":"publish","type":"page","link":"https:\/\/www.etaplestriathlon.com\/?page_id=2265","title":{"rendered":"r\u00e9sultats et photos"},"content":{"rendered":"\n\n\n<p>r\u00e9sultats sur le site prolive<\/p>\n<p><a href=\"https:\/\/www.prolivesport.fr\/index.php?chap=event&amp;sub=liveV3&amp;eventId=984\">Suivez en live l&rsquo;\u00e9v\u00e9nement: Triathlon Etaples 2024 (prolivesport.fr)<\/a><\/p>\n<p>photos :<\/p>\n<p><a href=\"https:\/\/www.facebook.com\/villeetaplessurmer\/posts\/538977341838063?ref=embed_post\">(3) UNE BELLE REUSSITE POUR CE 34\u00c8ME&#8230; &#8211; Ville d&rsquo;Etaples sur mer | Facebook<\/a><\/p>\n","protected":false},"excerpt":{"rendered":"<p>r\u00e9sultats sur le site prolive Suivez en live l&rsquo;\u00e9v\u00e9nement: Triathlon Etaples 2024 (prolivesport.fr) photos : (3) UNE BELLE REUSSITE POUR CE 34\u00c8ME&#8230; &#8211; Ville d&rsquo;Etaples sur mer | Facebook<\/p>\n","protected":false},"author":1,"featured_media":0,"parent":0,"menu_order":0,"comment_status":"closed","ping_status":"closed","template":"","meta":{"jetpack_post_was_ever_published":false,"footnotes":""},"class_list":["post-2265","page","type-page","status-publish","hentry"],"jetpack_sharing_enabled":true,"jetpack_shortlink":"https:\/\/wp.me\/PaJ7x8-Ax","jetpack-related-posts":[],"_links":{"self":[{"href":"https:\/\/www.etaplestriathlon.com\/index.php?rest_route=\/wp\/v2\/pages\/2265"}],"collection":[{"href":"https:\/\/www.etaplestriathlon.com\/index.php?rest_route=\/wp\/v2\/pages"}],"about":[{"href":"https:\/\/www.etaplestriathlon.com\/index.php?rest_route=\/wp\/v2\/types\/page"}],"author":[{"embeddable":true,"href":"https:\/\/www.etaplestriathlon.com\/index.php?rest_route=\/wp\/v2\/users\/1"}],"replies":[{"embeddable":true,"href":"https:\/\/www.etaplestriathlon.com\/index.php?rest_route=%2Fwp%2Fv2%2Fcomments&post=2265"}],"version-history":[{"count":2,"href":"https:\/\/www.etaplestriathlon.com\/index.php?rest_route=\/wp\/v2\/pages\/2265\/revisions"}],"predecessor-version":[{"id":2268,"href":"https:\/\/www.etaplestriathlon.com\/index.php?rest_route=\/wp\/v2\/pages\/2265\/revisions\/2268"}],"wp:attachment":[{"href":"https:\/\/www.etaplestriathlon.com\/index.php?rest_route=%2Fwp%2Fv2%2Fmedia&parent=2265"}],"curies":[{"name":"wp","href":"https:\/\/api.w.org\/{rel}","templated":true}]}}