{"id":48,"date":"2016-09-02T23:36:40","date_gmt":"2016-09-02T21:36:40","guid":{"rendered":"http:\/\/192.168.1.22\/etaplestri\/?page_id=48"},"modified":"2018-11-12T18:42:23","modified_gmt":"2018-11-12T17:42:23","slug":"presentation","status":"publish","type":"page","link":"https:\/\/www.etaplestriathlon.com\/?page_id=48","title":{"rendered":"Pr\u00e9sentation"},"content":{"rendered":"<p><span style=\"font-family: 'arial black', sans-serif;\"><img data-recalc-dims=\"1\" decoding=\"async\" data-attachment-id=\"247\" data-permalink=\"https:\/\/www.etaplestriathlon.com\/?attachment_id=247\" data-orig-file=\"https:\/\/i0.wp.com\/www.etaplestriathlon.com\/wp-content\/uploads\/2016\/09\/LOGO-TRIETAPLES.jpg?fit=4145%2C2575&amp;ssl=1\" data-orig-size=\"4145,2575\" data-comments-opened=\"1\" data-image-meta=\"{&quot;aperture&quot;:&quot;0&quot;,&quot;credit&quot;:&quot;&quot;,&quot;camera&quot;:&quot;&quot;,&quot;caption&quot;:&quot;&quot;,&quot;created_timestamp&quot;:&quot;0&quot;,&quot;copyright&quot;:&quot;&quot;,&quot;focal_length&quot;:&quot;0&quot;,&quot;iso&quot;:&quot;0&quot;,&quot;shutter_speed&quot;:&quot;0&quot;,&quot;title&quot;:&quot;&quot;,&quot;orientation&quot;:&quot;1&quot;}\" data-image-title=\"logo-trietaples\" data-image-description=\"\" data-image-caption=\"\" data-medium-file=\"https:\/\/i0.wp.com\/www.etaplestriathlon.com\/wp-content\/uploads\/2016\/09\/LOGO-TRIETAPLES.jpg?fit=300%2C186&amp;ssl=1\" data-large-file=\"https:\/\/i0.wp.com\/www.etaplestriathlon.com\/wp-content\/uploads\/2016\/09\/LOGO-TRIETAPLES.jpg?fit=980%2C609&amp;ssl=1\" class=\" wp-image-247 alignleft\" src=\"https:\/\/i0.wp.com\/www.etaplestriathlon.com\/wp-content\/uploads\/2016\/09\/LOGO-TRIETAPLES-300x186.jpg?resize=214%2C133\" alt=\"logo-trietaples\" width=\"214\" height=\"133\" srcset=\"https:\/\/i0.wp.com\/www.etaplestriathlon.com\/wp-content\/uploads\/2016\/09\/LOGO-TRIETAPLES.jpg?resize=300%2C186&amp;ssl=1 300w, https:\/\/i0.wp.com\/www.etaplestriathlon.com\/wp-content\/uploads\/2016\/09\/LOGO-TRIETAPLES.jpg?resize=768%2C477&amp;ssl=1 768w, https:\/\/i0.wp.com\/www.etaplestriathlon.com\/wp-content\/uploads\/2016\/09\/LOGO-TRIETAPLES.jpg?resize=1024%2C636&amp;ssl=1 1024w, https:\/\/i0.wp.com\/www.etaplestriathlon.com\/wp-content\/uploads\/2016\/09\/LOGO-TRIETAPLES.jpg?resize=210%2C130&amp;ssl=1 210w, https:\/\/i0.wp.com\/www.etaplestriathlon.com\/wp-content\/uploads\/2016\/09\/LOGO-TRIETAPLES.jpg?resize=1536%2C954&amp;ssl=1 1536w, https:\/\/i0.wp.com\/www.etaplestriathlon.com\/wp-content\/uploads\/2016\/09\/LOGO-TRIETAPLES.jpg?resize=1960%2C1218&amp;ssl=1 1960w, https:\/\/i0.wp.com\/www.etaplestriathlon.com\/wp-content\/uploads\/2016\/09\/LOGO-TRIETAPLES.jpg?w=2940&amp;ssl=1 2940w\" sizes=\"(max-width: 214px) 100vw, 214px\" \/> <\/span><\/p>\n<p><span style=\"font-family: 'arial black', sans-serif;\">Cr\u00e9e en 1994, le club de l&rsquo;AS Etaples Triathlon qui est affili\u00e9 \u00e0 la f\u00e9d\u00e9ration Fran\u00e7aise de Triathlon (FFTRI) a pour principal objectif de rendre le triathlon, le duathlon, l&rsquo;aquathlon, le run &amp; bike, etc&#8230; accessible \u00e0 tous, que l&rsquo;on soit hommes, femmes, d\u00e9butant ou sportifs confirm\u00e9s.<\/span><\/p>\n<p><span style=\"font-family: 'arial black', sans-serif;\">Dans un esprit de convivialit\u00e9, privil\u00e9giant les rapports humains, le club propose une structure et une organisation qui permet \u00e0 toutes et tous de progresser sportivement et d&rsquo;atteindre ses objectifs personnels.<\/span><\/p>\n<p><span style=\"font-family: 'arial black', sans-serif;\">\u00a0 Des cr\u00e9neaux horaires pour chaque discipline sont fix\u00e9s en semaine et le week-end pour permettre \u00e0 tous de se retrouver, d&rsquo;\u00e9voluer ou tout simplement de partager un moment de franche sympathie.<\/span><\/p>\n","protected":false},"excerpt":{"rendered":"<p>Cr\u00e9e en 1994, le club de l&rsquo;AS Etaples Triathlon qui est affili\u00e9 \u00e0 la f\u00e9d\u00e9ration Fran\u00e7aise de Triathlon (FFTRI) a pour principal objectif de rendre le triathlon, le duathlon, l&rsquo;aquathlon, le run &amp; bike, etc&#8230; accessible \u00e0 tous, que l&rsquo;on soit hommes, femmes, d\u00e9butant ou sportifs confirm\u00e9s. Dans un esprit de convivialit\u00e9, privil\u00e9giant les rapports [&hellip;]<\/p>\n","protected":false},"author":1,"featured_media":0,"parent":46,"menu_order":0,"comment_status":"closed","ping_status":"closed","template":"templates\/template-no_sidebar.php","meta":{"jetpack_post_was_ever_published":false,"footnotes":""},"class_list":["post-48","page","type-page","status-publish","hentry"],"jetpack_sharing_enabled":true,"jetpack_shortlink":"https:\/\/wp.me\/PaJ7x8-M","jetpack-related-posts":[],"_links":{"self":[{"href":"https:\/\/www.etaplestriathlon.com\/index.php?rest_route=\/wp\/v2\/pages\/48"}],"collection":[{"href":"https:\/\/www.etaplestriathlon.com\/index.php?rest_route=\/wp\/v2\/pages"}],"about":[{"href":"https:\/\/www.etaplestriathlon.com\/index.php?rest_route=\/wp\/v2\/types\/page"}],"author":[{"embeddable":true,"href":"https:\/\/www.etaplestriathlon.com\/index.php?rest_route=\/wp\/v2\/users\/1"}],"replies":[{"embeddable":true,"href":"https:\/\/www.etaplestriathlon.com\/index.php?rest_route=%2Fwp%2Fv2%2Fcomments&post=48"}],"version-history":[{"count":10,"href":"https:\/\/www.etaplestriathlon.com\/index.php?rest_route=\/wp\/v2\/pages\/48\/revisions"}],"predecessor-version":[{"id":1764,"href":"https:\/\/www.etaplestriathlon.com\/index.php?rest_route=\/wp\/v2\/pages\/48\/revisions\/1764"}],"up":[{"embeddable":true,"href":"https:\/\/www.etaplestriathlon.com\/index.php?rest_route=\/wp\/v2\/pages\/46"}],"wp:attachment":[{"href":"https:\/\/www.etaplestriathlon.com\/index.php?rest_route=%2Fwp%2Fv2%2Fmedia&parent=48"}],"curies":[{"name":"wp","href":"https:\/\/api.w.org\/{rel}","templated":true}]}}