{"id":55,"date":"2016-09-02T23:41:25","date_gmt":"2016-09-02T21:41:25","guid":{"rendered":"http:\/\/192.168.1.22\/etaplestri\/?page_id=55"},"modified":"2025-09-08T00:34:23","modified_gmt":"2025-09-07T22:34:23","slug":"planning-des-entrainements","status":"publish","type":"page","link":"https:\/\/www.etaplestriathlon.com\/?page_id=55","title":{"rendered":"Planning des entrainements"},"content":{"rendered":"<p><span style=\"color: #ff0000; font-family: 'arial black', sans-serif;\"><span style=\"text-decoration: underline;\">Natation<\/span><\/span><\/p>\n<ul>\n<li><span style=\"font-family: 'arial black', sans-serif;\">Vendredi soir de 19h45 \u00e0 21h\u00a0 de Septembre \u00e0 Juin. De 18h \u00e0 20h pendant les vacances scolaires.<\/span><\/li>\n<\/ul>\n<p><span style=\"font-family: 'arial black', sans-serif;\">Le club prend en charge \u00e9galement deux entr\u00e9es par semaine aux heures d&rsquo;ouverture publique pour chaque licenci\u00e9 adulte. ( condition:\u00a0 venir au moins 2 vendredis soir).<\/span><\/p>\n<p><span style=\"color: #ff0000; font-family: 'arial black', sans-serif;\"><span style=\"text-decoration: underline;\">V\u00e9lo<\/span><\/span><\/p>\n<ul>\n<li><span style=\"font-family: 'arial black', sans-serif;\">Le Dimanche matin, soit pour le v\u00e9lo route, soit pour le VTT selon la p\u00e9riode de l&rsquo;ann\u00e9e.<\/span><\/li>\n<\/ul>\n<p><span style=\"font-family: 'arial black', sans-serif;\">L&rsquo;horaire et le lieu d&rsquo;entrainement sont susceptibles d&rsquo;\u00eatre variable et modifiable. ( voir page Facebook ).<\/span><\/p>\n<p><span style=\"color: #ff0000; font-family: 'arial black', sans-serif;\"><span style=\"text-decoration: underline;\">Course \u00e0 pied<\/span><\/span><\/p>\n<ul>\n<li><span style=\"font-family: 'arial black', sans-serif;\">Mardi \u00e0 18h45 <\/span><\/li>\n<li><strong>Jeudi \u00e0 18h45<\/strong><\/li>\n<\/ul>\n<p><strong>L&rsquo;accueil se fait \u00e0 partir de 18h30 et le d\u00e9part \u00e0 18h45. RDV sur le parking Mar\u00e9\u00efs derri\u00e8re la friterie Chez Dach sur Etaples.\u00a0<\/strong><\/p>\n<p><span style=\"font-family: 'arial black', sans-serif;\">L&rsquo;horaire et le lieu d&rsquo;entrainement sont susceptibles d&rsquo;\u00eatre variable et modifiable. ( voir page Facebook ).<\/span><\/p>\n","protected":false},"excerpt":{"rendered":"<p>Natation Vendredi soir de 19h45 \u00e0 21h\u00a0 de Septembre \u00e0 Juin. De 18h \u00e0 20h pendant les vacances scolaires. Le club prend en charge \u00e9galement deux entr\u00e9es par semaine aux heures d&rsquo;ouverture publique pour chaque licenci\u00e9 adulte. ( condition:\u00a0 venir au moins 2 vendredis soir). V\u00e9lo Le Dimanche matin, soit pour le v\u00e9lo route, soit [&hellip;]<\/p>\n","protected":false},"author":1,"featured_media":0,"parent":46,"menu_order":0,"comment_status":"closed","ping_status":"closed","template":"","meta":{"jetpack_post_was_ever_published":false,"footnotes":""},"class_list":["post-55","page","type-page","status-publish","hentry"],"jetpack_sharing_enabled":true,"jetpack_shortlink":"https:\/\/wp.me\/PaJ7x8-T","jetpack-related-posts":[],"_links":{"self":[{"href":"https:\/\/www.etaplestriathlon.com\/index.php?rest_route=\/wp\/v2\/pages\/55"}],"collection":[{"href":"https:\/\/www.etaplestriathlon.com\/index.php?rest_route=\/wp\/v2\/pages"}],"about":[{"href":"https:\/\/www.etaplestriathlon.com\/index.php?rest_route=\/wp\/v2\/types\/page"}],"author":[{"embeddable":true,"href":"https:\/\/www.etaplestriathlon.com\/index.php?rest_route=\/wp\/v2\/users\/1"}],"replies":[{"embeddable":true,"href":"https:\/\/www.etaplestriathlon.com\/index.php?rest_route=%2Fwp%2Fv2%2Fcomments&post=55"}],"version-history":[{"count":9,"href":"https:\/\/www.etaplestriathlon.com\/index.php?rest_route=\/wp\/v2\/pages\/55\/revisions"}],"predecessor-version":[{"id":2350,"href":"https:\/\/www.etaplestriathlon.com\/index.php?rest_route=\/wp\/v2\/pages\/55\/revisions\/2350"}],"up":[{"embeddable":true,"href":"https:\/\/www.etaplestriathlon.com\/index.php?rest_route=\/wp\/v2\/pages\/46"}],"wp:attachment":[{"href":"https:\/\/www.etaplestriathlon.com\/index.php?rest_route=%2Fwp%2Fv2%2Fmedia&parent=55"}],"curies":[{"name":"wp","href":"https:\/\/api.w.org\/{rel}","templated":true}]}}