{"id":76,"date":"2016-09-03T00:41:01","date_gmt":"2016-09-02T22:41:01","guid":{"rendered":"http:\/\/192.168.1.22\/etaplestri\/?page_id=76"},"modified":"2018-11-12T18:51:22","modified_gmt":"2018-11-12T17:51:22","slug":"le-reglement","status":"publish","type":"page","link":"https:\/\/www.etaplestriathlon.com\/?page_id=76","title":{"rendered":"Le R\u00e8glement"},"content":{"rendered":"<p>Le r\u00e8glement int\u00e9rieur vient en compl\u00e9ment des statuts pour en pr\u00e9ciser le sens et la port\u00e9e.<\/p>\n<p>Ce r\u00e8glement int\u00e9rieur a pour objet de pr\u00e9ciser les principaux droits et devoirs de tous les membres.<\/p>\n<p>Le renouvellement de la licence l&rsquo;ann\u00e9e suivante implique l&rsquo;acceptation de l\u2019int\u00e9gralit\u00e9 de ce r\u00e8glement.<\/p>\n<p><strong><span style=\"text-decoration: underline;\">ETHIQUE DU CLUB<\/span>:<\/strong><\/p>\n<p>Le Club est l\u2019affaire de tous, chacun y apporte sa contribution pour ce qui concerne le d\u00e9veloppement sportif sans discrimination de niveau, mais \u00e9galement pour ce qui concerne la vie associative. La convivialit\u00e9 est toujours pr\u00e9sente sans pour cela n\u00e9gliger la performance.<\/p>\n<p>Le Club AS Etaples triathlon est affili\u00e9 \u00e0 la F\u00e9d\u00e9ration Fran\u00e7aise de Triathlon (FFTRI).<\/p>\n<p>&nbsp;<\/p>\n<p>\u2022 Les membres adh\u00e9rents s\u2019engagent \u00e0 respecter les couleurs qu\u2019ils portent, \u00e0 repr\u00e9senter au mieux et \u00e0 ne pas nuire en aucune mani\u00e8re au club qu\u2019ils repr\u00e9sentent<\/p>\n<p>\u2022 Dans le cadre de sa participation ou repr\u00e9sentation de l\u2019association chaque adh\u00e9rent s\u2019interdit tout comportement \u00e0 caract\u00e8re raciste ou discriminatoire et s\u2019engage \u00e0 exclure toute d\u00e9marche \u00e0 caract\u00e8re politique ou confessionnel.<\/p>\n<p>\u2022 L\u2019utilisation ou la diffusion de produits dopants visant \u00e0 am\u00e9liorer les performances est interdit \u00e0 tous les membres de l\u2019association.<\/p>\n<p>\u2022 Chaque membre est en droit de participer, en qualit\u00e9 d\u2019auditeur libre aux r\u00e9unions de conseil d\u2019administration et de bureau. Seules les voix des personnes mandat\u00e9es pour faire partie de ces organismes seront prises en compte lors des d\u00e9lib\u00e9rations.<\/p>\n<p>\u2022 Le comit\u00e9 directeur \u00e0 pouvoir pour cr\u00e9er et supprimer les commissions utiles au fonctionnement du club, la dur\u00e9e de vie de ces commissions peut \u00eatre temporaire et ne couvrir que la p\u00e9riode d\u2019une mission (entrainement, organisation de d\u00e9placements, tenues\u2026)<\/p>\n<p>\u2022 Tout licenci\u00e9 demandant le renouvellement de sa licence doit fournir un certificat m\u00e9dical d\u2019aptitude \u00e0 la pratique du triathlon en comp\u00e9tition de moins de 3 mois, au jour de la demande. L\u2019adh\u00e9rent est tenu de compl\u00e9ter un formulaire de licence qui est mis \u00e0 disposition sur le site internet de la FFTRI.<\/p>\n<p>\u2022 Tout licenci\u00e9 se voit offrir par la FFTRI une garantie d\u2019assurance aupr\u00e8s de l\u2019assureur officiel partenaire FFTRI et se doit de respecter la r\u00e9glementation de cette m\u00eame f\u00e9d\u00e9ration.<\/p>\n<p>\u2022 Le montant de la licence est fix\u00e9 par la FFTRI, celui de l\u2019adh\u00e9sion est r\u00e9vis\u00e9 annuellement par le comit\u00e9 directeur.<\/p>\n<p>\u2022 Il est imp\u00e9ratif d\u2019accus\u00e9 r\u00e9ception des messages par mails et courrier \u00e9mis par le Comit\u00e9 Directeur.<\/p>\n<p>\u2022 La licence ne sera d\u00e9livr\u00e9e qu\u2019apr\u00e8s la remise par le triathl\u00e8te d\u2019un certificat m\u00e9dical, du formulaire de licence, du r\u00e8glement de sa cotisation, et du r\u00e8glement int\u00e9rieur du club sign\u00e9.<\/p>\n<p>\u2022 Le comit\u00e9 directeur en d\u00e9but de saison peut d\u00e9finir des \u00e9preuves \u00ab phares \u00bb avec une tr\u00e8s grande participation afin de se rassembler ensemble autour d\u2019un m\u00eame objectif.<\/p>\n<p>\u2022 Chaque adh\u00e9rent est libre de participer aux comp\u00e9tions qu\u2019il souhaite.<\/p>\n<p>\u2022 Sur les comp\u00e9titions, il serait sympa de mettre les tenues du club car les couleurs font partie d\u2019une philosophie de comp\u00e9tition et d\u2019int\u00e9gration d\u2019un esprit d\u2019\u00e9quipe.<\/p>\n<p>\u2022 Chaque membre est en droit et en devoir de rechercher et de contacter d\u2019\u00e9ventuels sponsors.<\/p>\n<p>\u2022 Droit \u00e0 l\u2019image : les adh\u00e9rents autorisent express\u00e9ment Etaples Triathlon \u00e0 utiliser les images fixes ou audiovisuelles prises \u00e0 l\u2019occasion de leur participation aux cours, entra\u00eenements, comp\u00e9titions et autres sur lesquelles ils pourraient appara\u00eetre, sur tout support y compris les documents promotionnels et\/ou publicitaires, dans le monde entier et pour la dur\u00e9e la plus longue pr\u00e9vue par la Loi.<\/p>\n<p>\u2022 Lors des sorties cyclismes, le port du casque est obligatoire \u2022 Pour une bonne communication, chaque adh\u00e9rent communique par mail ou courrier de ses intentions de comp\u00e9titions et leurs r\u00e9sultats.<\/p>\n<p>\u2022 L\u2019adh\u00e9rent sera avis\u00e9 des entrainements, r\u00e9unions\u2026 par mail.<\/p>\n<p>\u2022 Pour les entrainements : les horaires, lieux et jours d\u2019entrainement sont fix\u00e9s durant l\u2019ann\u00e9e et consultable sur le site du club, facebook ou par mail.<\/p>\n","protected":false},"excerpt":{"rendered":"<p>Le r\u00e8glement int\u00e9rieur vient en compl\u00e9ment des statuts pour en pr\u00e9ciser le sens et la port\u00e9e. Ce r\u00e8glement int\u00e9rieur a pour objet de pr\u00e9ciser les principaux droits et devoirs de tous les membres. Le renouvellement de la licence l&rsquo;ann\u00e9e suivante implique l&rsquo;acceptation de l\u2019int\u00e9gralit\u00e9 de ce r\u00e8glement. ETHIQUE DU CLUB: Le Club est l\u2019affaire de [&hellip;]<\/p>\n","protected":false},"author":1,"featured_media":0,"parent":46,"menu_order":0,"comment_status":"closed","ping_status":"closed","template":"templates\/template-no_sidebar.php","meta":{"jetpack_post_was_ever_published":false,"footnotes":""},"class_list":["post-76","page","type-page","status-publish","hentry"],"jetpack_sharing_enabled":true,"jetpack_shortlink":"https:\/\/wp.me\/PaJ7x8-1e","jetpack-related-posts":[],"_links":{"self":[{"href":"https:\/\/www.etaplestriathlon.com\/index.php?rest_route=\/wp\/v2\/pages\/76"}],"collection":[{"href":"https:\/\/www.etaplestriathlon.com\/index.php?rest_route=\/wp\/v2\/pages"}],"about":[{"href":"https:\/\/www.etaplestriathlon.com\/index.php?rest_route=\/wp\/v2\/types\/page"}],"author":[{"embeddable":true,"href":"https:\/\/www.etaplestriathlon.com\/index.php?rest_route=\/wp\/v2\/users\/1"}],"replies":[{"embeddable":true,"href":"https:\/\/www.etaplestriathlon.com\/index.php?rest_route=%2Fwp%2Fv2%2Fcomments&post=76"}],"version-history":[{"count":8,"href":"https:\/\/www.etaplestriathlon.com\/index.php?rest_route=\/wp\/v2\/pages\/76\/revisions"}],"predecessor-version":[{"id":1765,"href":"https:\/\/www.etaplestriathlon.com\/index.php?rest_route=\/wp\/v2\/pages\/76\/revisions\/1765"}],"up":[{"embeddable":true,"href":"https:\/\/www.etaplestriathlon.com\/index.php?rest_route=\/wp\/v2\/pages\/46"}],"wp:attachment":[{"href":"https:\/\/www.etaplestriathlon.com\/index.php?rest_route=%2Fwp%2Fv2%2Fmedia&parent=76"}],"curies":[{"name":"wp","href":"https:\/\/api.w.org\/{rel}","templated":true}]}}