{"id":808,"date":"2016-11-11T06:43:07","date_gmt":"2016-11-11T05:43:07","guid":{"rendered":"http:\/\/www.etaplestriathlon.com\/?page_id=808"},"modified":"2025-09-08T00:15:51","modified_gmt":"2025-09-07T22:15:51","slug":"infos-pratiques","status":"publish","type":"page","link":"https:\/\/www.etaplestriathlon.com\/?page_id=808","title":{"rendered":"Infos pratiques"},"content":{"rendered":"<p><span style=\"color: #ffff00;\">Circulation :<\/span><\/p>\n<p>Attention , Le boulevard\u00a0 Bigot Desceler est interdit \u00e0 la circulation de 12h \u00e0 20h ( au niveau du parc \u00e0 v\u00e9lo ) ainsi qu\u2019au stationnement de 18h (20\/09) \u00e0 20h (21\/09)<\/p>\n<p><span style=\"color: #ffff00;\">Parkings :\u00a0<\/span><\/p>\n<ul>\n<li>parking de la Mairie (1 km du d\u00e9part)<\/li>\n<li>parking du port (800m du d\u00e9part )<\/li>\n<li>parking de la corderie (200m du d\u00e9part )<\/li>\n<li>parking des associations ( la partie bitum\u00e9e) (600m du d\u00e9part)<\/li>\n<\/ul>\n<p><span style=\"color: #ffff00;\">Comment venir :\u00a0<\/span><\/p>\n<ul>\n<li><span style=\"text-decoration: underline;\"><span style=\"color: #ffffff; text-decoration: underline;\">En voiture:<\/span><\/span><\/li>\n<\/ul>\n<p>Autoroute A16 sortie num26 depuis Paris, Calais, Lille<\/p>\n<ul>\n<li><span style=\"text-decoration: underline;\"><span style=\"color: #ffffff; text-decoration: underline;\">En train:<\/span><\/span><\/li>\n<\/ul>\n<p><span style=\"color: #808080;\">Gare Etaples &#8211; Le Touquet<\/span><\/p>\n<p>TGV depuis Londres via Calais, Lille, Bruxelles<\/p>\n<p>Intercit\u00e9s, corail depuis Paris via Amiens<\/p>\n<p>Renseignements: <a href=\"http:\/\/www.voyages-sncf.com\/\" target=\"_blank\" rel=\"noopener\">www.voyages-sncf.com<\/a><\/p>\n<p><span style=\"color: #ffff00;\">Restauration :<\/span><\/p>\n<p>Quoi de mieux qu\u2019un bon repas en attendant les triathl\u00e8tes. Vous trouverez ci-dessous une liste non exhaustive des points de restauration \u00e0 proximit\u00e9 du site principal et le long du parcours. Les distances donn\u00e9es sont celles \u00e0 partir du village d\u00e9part.<\/p>\n<ul>\n<li>&#8211; la friterie Chez Dach (<b><a href=\"https:\/\/www.facebook.com\/profile.php?id=100083176839820&amp;__cft__%5b0%5d=AZVvj6cNCXtbp68mUd6LBVKOSqrhsuwc5l0-JaZe1kJr3J0-NpkfddlX0Feg5QZkrPNZuq0roFKgXJbUWSRdglHyYd0KRk2ZKZRiK1CLN1thN_09m6v_BjtIpWtt123SxDpPYo_oIC13xFnfAE5Xnt-QNiBWN5nvemt4RKoxwc0oRc6YZkk2EMFNp9rq8hyVFGw&amp;__tn__=-%5dK-R\">Chez Dach\u2019<\/a><\/b>) situ\u00e9e sur la zone du village d\u00e9part.<\/li>\n<li>&#8211; le restaurant <b><a href=\"https:\/\/www.facebook.com\/profile.php?id=61568375817210&amp;__cft__%5b0%5d=AZVvj6cNCXtbp68mUd6LBVKOSqrhsuwc5l0-JaZe1kJr3J0-NpkfddlX0Feg5QZkrPNZuq0roFKgXJbUWSRdglHyYd0KRk2ZKZRiK1CLN1thN_09m6v_BjtIpWtt123SxDpPYo_oIC13xFnfAE5Xnt-QNiBWN5nvemt4RKoxwc0oRc6YZkk2EMFNp9rq8hyVFGw&amp;__tn__=-%5dK-R\">NC TERRE ET MER<\/a><\/b> situ\u00e9 \u00e0 500m<\/li>\n<li>&#8211; le restaurant <b><a href=\"https:\/\/www.facebook.com\/profile.php?id=61556817563958&amp;__cft__%5b0%5d=AZVvj6cNCXtbp68mUd6LBVKOSqrhsuwc5l0-JaZe1kJr3J0-NpkfddlX0Feg5QZkrPNZuq0roFKgXJbUWSRdglHyYd0KRk2ZKZRiK1CLN1thN_09m6v_BjtIpWtt123SxDpPYo_oIC13xFnfAE5Xnt-QNiBWN5nvemt4RKoxwc0oRc6YZkk2EMFNp9rq8hyVFGw&amp;__tn__=-%5dK-R\">La <\/a><\/b><b><a href=\"https:\/\/www.facebook.com\/profile.php?id=61556817563958&amp;__cft__%5b0%5d=AZVvj6cNCXtbp68mUd6LBVKOSqrhsuwc5l0-JaZe1kJr3J0-NpkfddlX0Feg5QZkrPNZuq0roFKgXJbUWSRdglHyYd0KRk2ZKZRiK1CLN1thN_09m6v_BjtIpWtt123SxDpPYo_oIC13xFnfAE5Xnt-QNiBWN5nvemt4RKoxwc0oRc6YZkk2EMFNp9rq8hyVFGw&amp;__tn__=-%5dK-R\">P&rsquo;tite<\/a><\/b><b><a href=\"https:\/\/www.facebook.com\/profile.php?id=61556817563958&amp;__cft__%5b0%5d=AZVvj6cNCXtbp68mUd6LBVKOSqrhsuwc5l0-JaZe1kJr3J0-NpkfddlX0Feg5QZkrPNZuq0roFKgXJbUWSRdglHyYd0KRk2ZKZRiK1CLN1thN_09m6v_BjtIpWtt123SxDpPYo_oIC13xFnfAE5Xnt-QNiBWN5nvemt4RKoxwc0oRc6YZkk2EMFNp9rq8hyVFGw&amp;__tn__=-%5dK-R\"> Cr\u00eape<\/a><\/b> situ\u00e9 \u00e0 600m<\/li>\n<li>&#8211; le restaurant le bar \u00e0 quai <b><a href=\"https:\/\/www.facebook.com\/profile.php?id=100009464995936&amp;__cft__%5b0%5d=AZVvj6cNCXtbp68mUd6LBVKOSqrhsuwc5l0-JaZe1kJr3J0-NpkfddlX0Feg5QZkrPNZuq0roFKgXJbUWSRdglHyYd0KRk2ZKZRiK1CLN1thN_09m6v_BjtIpWtt123SxDpPYo_oIC13xFnfAE5Xnt-QNiBWN5nvemt4RKoxwc0oRc6YZkk2EMFNp9rq8hyVFGw&amp;__tn__=-%5dK-R\">Pauchet<\/a><\/b><b><a href=\"https:\/\/www.facebook.com\/profile.php?id=100009464995936&amp;__cft__%5b0%5d=AZVvj6cNCXtbp68mUd6LBVKOSqrhsuwc5l0-JaZe1kJr3J0-NpkfddlX0Feg5QZkrPNZuq0roFKgXJbUWSRdglHyYd0KRk2ZKZRiK1CLN1thN_09m6v_BjtIpWtt123SxDpPYo_oIC13xFnfAE5Xnt-QNiBWN5nvemt4RKoxwc0oRc6YZkk2EMFNp9rq8hyVFGw&amp;__tn__=-%5dK-R\"> Thierry<\/a><\/b> situ\u00e9 \u00e0 600m<\/li>\n<li>&#8211; le restaurant <b><a href=\"https:\/\/www.facebook.com\/PlaneteOcean?__cft__%5b0%5d=AZVvj6cNCXtbp68mUd6LBVKOSqrhsuwc5l0-JaZe1kJr3J0-NpkfddlX0Feg5QZkrPNZuq0roFKgXJbUWSRdglHyYd0KRk2ZKZRiK1CLN1thN_09m6v_BjtIpWtt123SxDpPYo_oIC13xFnfAE5Xnt-QNiBWN5nvemt4RKoxwc0oRc6YZkk2EMFNp9rq8hyVFGw&amp;__tn__=-%5dK-R\">Plan\u00e8te Oc\u00e9an<\/a><\/b> situ\u00e9 sur le parcours CAP<\/li>\n<li>&#8211; le bar <b><a href=\"https:\/\/www.facebook.com\/profile.php?id=100095464897453&amp;__cft__%5b0%5d=AZVvj6cNCXtbp68mUd6LBVKOSqrhsuwc5l0-JaZe1kJr3J0-NpkfddlX0Feg5QZkrPNZuq0roFKgXJbUWSRdglHyYd0KRk2ZKZRiK1CLN1thN_09m6v_BjtIpWtt123SxDpPYo_oIC13xFnfAE5Xnt-QNiBWN5nvemt4RKoxwc0oRc6YZkk2EMFNp9rq8hyVFGw&amp;__tn__=-%5dK-R\">L\u2019Apr\u00e8s<\/a><\/b> situ\u00e9 sur le parcours CAP<\/li>\n<li>&#8211; le kebab <b><a href=\"https:\/\/www.facebook.com\/profile.php?id=61557108989725&amp;__cft__%5b0%5d=AZVvj6cNCXtbp68mUd6LBVKOSqrhsuwc5l0-JaZe1kJr3J0-NpkfddlX0Feg5QZkrPNZuq0roFKgXJbUWSRdglHyYd0KRk2ZKZRiK1CLN1thN_09m6v_BjtIpWtt123SxDpPYo_oIC13xFnfAE5Xnt-QNiBWN5nvemt4RKoxwc0oRc6YZkk2EMFNp9rq8hyVFGw&amp;__tn__=-%5dK-R\">MAK KEBAB<\/a><\/b> situ\u00e9 \u00e0 600m<\/li>\n<li>&#8211; le restaurant <b><a href=\"https:\/\/www.facebook.com\/Bistrotgourmandcommechezsoi?__cft__%5b0%5d=AZVvj6cNCXtbp68mUd6LBVKOSqrhsuwc5l0-JaZe1kJr3J0-NpkfddlX0Feg5QZkrPNZuq0roFKgXJbUWSRdglHyYd0KRk2ZKZRiK1CLN1thN_09m6v_BjtIpWtt123SxDpPYo_oIC13xFnfAE5Xnt-QNiBWN5nvemt4RKoxwc0oRc6YZkk2EMFNp9rq8hyVFGw&amp;__tn__=-%5dK-R\">Bistrot Gourmand \u00a0\u00bb Comme Chez Soi \u00ab\u00a0<\/a><\/b> situ\u00e9 \u00e0 1km<\/li>\n<li>&#8211; le restaurant <b><a href=\"https:\/\/www.facebook.com\/auvieuxportetaples?__cft__%5b0%5d=AZVvj6cNCXtbp68mUd6LBVKOSqrhsuwc5l0-JaZe1kJr3J0-NpkfddlX0Feg5QZkrPNZuq0roFKgXJbUWSRdglHyYd0KRk2ZKZRiK1CLN1thN_09m6v_BjtIpWtt123SxDpPYo_oIC13xFnfAE5Xnt-QNiBWN5nvemt4RKoxwc0oRc6YZkk2EMFNp9rq8hyVFGw&amp;__tn__=-%5dK-R\">AU VIEUX PORT<\/a><\/b> situ\u00e9 \u00e0 1km<\/li>\n<li>Vous trouverez ais\u00e9ment les diff\u00e9rentes infos et coordonn\u00e9es des diff\u00e9rents \u00e9tablissements sur Google et sur leurs r\u00e9seaux sociaux<\/li>\n<li>N\u2019h\u00e9sitez pas \u00e0 prendre les devants en r\u00e9servant et BON APPETIT !!!!!<\/li>\n<\/ul>\n","protected":false},"excerpt":{"rendered":"<p>Circulation : Attention , Le boulevard\u00a0 Bigot Desceler est interdit \u00e0 la circulation de 12h \u00e0 20h ( au niveau du parc \u00e0 v\u00e9lo ) ainsi qu\u2019au stationnement de 18h (20\/09) \u00e0 20h (21\/09) Parkings :\u00a0 parking de la Mairie (1 km du d\u00e9part) parking du port (800m du d\u00e9part ) parking de la corderie [&hellip;]<\/p>\n","protected":false},"author":1,"featured_media":0,"parent":0,"menu_order":0,"comment_status":"closed","ping_status":"closed","template":"","meta":{"jetpack_post_was_ever_published":false,"footnotes":""},"class_list":["post-808","page","type-page","status-publish","hentry"],"jetpack_sharing_enabled":true,"jetpack_shortlink":"https:\/\/wp.me\/PaJ7x8-d2","jetpack-related-posts":[],"_links":{"self":[{"href":"https:\/\/www.etaplestriathlon.com\/index.php?rest_route=\/wp\/v2\/pages\/808"}],"collection":[{"href":"https:\/\/www.etaplestriathlon.com\/index.php?rest_route=\/wp\/v2\/pages"}],"about":[{"href":"https:\/\/www.etaplestriathlon.com\/index.php?rest_route=\/wp\/v2\/types\/page"}],"author":[{"embeddable":true,"href":"https:\/\/www.etaplestriathlon.com\/index.php?rest_route=\/wp\/v2\/users\/1"}],"replies":[{"embeddable":true,"href":"https:\/\/www.etaplestriathlon.com\/index.php?rest_route=%2Fwp%2Fv2%2Fcomments&post=808"}],"version-history":[{"count":6,"href":"https:\/\/www.etaplestriathlon.com\/index.php?rest_route=\/wp\/v2\/pages\/808\/revisions"}],"predecessor-version":[{"id":2340,"href":"https:\/\/www.etaplestriathlon.com\/index.php?rest_route=\/wp\/v2\/pages\/808\/revisions\/2340"}],"wp:attachment":[{"href":"https:\/\/www.etaplestriathlon.com\/index.php?rest_route=%2Fwp%2Fv2%2Fmedia&parent=808"}],"curies":[{"name":"wp","href":"https:\/\/api.w.org\/{rel}","templated":true}]}}